{"id":2188,"date":"2021-10-21T18:48:33","date_gmt":"2021-10-21T16:48:33","guid":{"rendered":"http:\/\/floradeltropico.com\/?post_type=product&#038;p=2188"},"modified":"2022-01-08T23:03:06","modified_gmt":"2022-01-08T22:03:06","slug":"z-original-acuarela-cypripedium-night","status":"publish","type":"product","link":"https:\/\/floradeltropico.com\/?product=z-original-acuarela-cypripedium-night","title":{"rendered":"ZZ- Original Acuarela &#8211; &#8220;Cypripedium night&#8221;"},"content":{"rendered":"<p><img loading=\"lazy\" decoding=\"async\" class=\"alignnone wp-image-2190\" src=\"https:\/\/floradeltropico.com\/wp-content\/uploads\/2021\/10\/Noche-Cypripedium-night.fw_-220x300.png\" alt=\"\" width=\"392\" height=\"535\" srcset=\"https:\/\/floradeltropico.com\/wp-content\/uploads\/2021\/10\/Noche-Cypripedium-night.fw_-220x300.png 220w, https:\/\/floradeltropico.com\/wp-content\/uploads\/2021\/10\/Noche-Cypripedium-night.fw_-300x409.png 300w, https:\/\/floradeltropico.com\/wp-content\/uploads\/2021\/10\/Noche-Cypripedium-night.fw_.png 500w\" sizes=\"auto, (max-width: 392px) 100vw, 392px\" \/><\/p>\n<p>&nbsp;<\/p>\n<p style=\"text-align: left;\">Pintura \u00a0original acuarela &#8211; original watercolor painting<\/p>\n<p>Autor: Nathalie Guichard<br \/>\nT\u00e9cnica: Acuarela<br \/>\nTama\u00f1o: 35x50cm<\/p>\n<p>Obra certificada: s\u00ed<br \/>\nEnmarcado: no<\/p>\n<p>*A fin de facilitar su transporte, las l\u00e1minas se enviar\u00e1n en un premarco de protecci\u00f3n o en tubo, seg\u00fan requiera.\u00a0 Todas las obras van acompa\u00f1adas de su certificado de autenticidad y de originalidad (no existen reproducciones)<\/p>\n<p>**El precio del transporte depende del tipo de art\u00edculo y del lugar al que va destinado, por lo tanto <strong>no<\/strong> est\u00e1 incluido.<\/p>\n","protected":false},"excerpt":{"rendered":"<p><img loading=\"lazy\" decoding=\"async\" class=\"alignnone size-medium wp-image-2190\" src=\"https:\/\/floradeltropico.com\/wp-content\/uploads\/2021\/10\/Noche-Cypripedium-night.fw_-220x300.png\" alt=\"\" width=\"220\" height=\"300\" srcset=\"https:\/\/floradeltropico.com\/wp-content\/uploads\/2021\/10\/Noche-Cypripedium-night.fw_-220x300.png 220w, https:\/\/floradeltropico.com\/wp-content\/uploads\/2021\/10\/Noche-Cypripedium-night.fw_-300x409.png 300w, https:\/\/floradeltropico.com\/wp-content\/uploads\/2021\/10\/Noche-Cypripedium-night.fw_.png 500w\" sizes=\"auto, (max-width: 220px) 100vw, 220px\" \/><\/p>\n<p>&nbsp;<\/p>\n<p style=\"text-align: left;\">Pintura \u00a0original acuarela<\/p>\n<p>Autor: Nathalie Guichard<br \/>\nT\u00e9cnica: Acuarela<br \/>\nTama\u00f1o: 35x50cm<\/p>\n<p>Obra certificada: s\u00ed<br \/>\nEnmarcado: no<\/p>\n<p>*A fin de facilitar su transporte, las l\u00e1minas se enviar\u00e1n en un premarco de protecci\u00f3n o en tubo, seg\u00fan requiera.\u00a0 Todas las obras van acompa\u00f1adas de su certificado de autenticidad y de originalidad (no existen reproducciones)<\/p>\n<p>**El precio del transporte depende del tipo de art\u00edculo y del lugar al que va destinado, por lo tanto <strong>no<\/strong> est\u00e1 incluido.<\/p>\n","protected":false},"featured_media":2190,"comment_status":"open","ping_status":"closed","template":"","meta":{"_exactmetrics_skip_tracking":false,"_exactmetrics_sitenote_active":false,"_exactmetrics_sitenote_note":"","_exactmetrics_sitenote_category":0},"product_brand":[],"product_cat":[13],"product_tag":[582,589,591,584,583,592,588,587,585,590,586],"class_list":{"0":"post-2188","1":"product","2":"type-product","3":"status-publish","4":"has-post-thumbnail","6":"product_cat-varios-decoracion","7":"product_tag-acuarela","8":"product_tag-aquarelle","9":"product_tag-arte","10":"product_tag-autenticidad","11":"product_tag-certificado","12":"product_tag-decoracion","13":"product_tag-flower","14":"product_tag-orchid","15":"product_tag-original","16":"product_tag-professional","17":"product_tag-watercolor","20":"first","21":"instock","22":"taxable","23":"shipping-taxable","24":"purchasable","25":"product-type-simple"},"_links":{"self":[{"href":"https:\/\/floradeltropico.com\/index.php?rest_route=\/wp\/v2\/product\/2188","targetHints":{"allow":["GET"]}}],"collection":[{"href":"https:\/\/floradeltropico.com\/index.php?rest_route=\/wp\/v2\/product"}],"about":[{"href":"https:\/\/floradeltropico.com\/index.php?rest_route=\/wp\/v2\/types\/product"}],"replies":[{"embeddable":true,"href":"https:\/\/floradeltropico.com\/index.php?rest_route=%2Fwp%2Fv2%2Fcomments&post=2188"}],"wp:featuredmedia":[{"embeddable":true,"href":"https:\/\/floradeltropico.com\/index.php?rest_route=\/wp\/v2\/media\/2190"}],"wp:attachment":[{"href":"https:\/\/floradeltropico.com\/index.php?rest_route=%2Fwp%2Fv2%2Fmedia&parent=2188"}],"wp:term":[{"taxonomy":"product_brand","embeddable":true,"href":"https:\/\/floradeltropico.com\/index.php?rest_route=%2Fwp%2Fv2%2Fproduct_brand&post=2188"},{"taxonomy":"product_cat","embeddable":true,"href":"https:\/\/floradeltropico.com\/index.php?rest_route=%2Fwp%2Fv2%2Fproduct_cat&post=2188"},{"taxonomy":"product_tag","embeddable":true,"href":"https:\/\/floradeltropico.com\/index.php?rest_route=%2Fwp%2Fv2%2Fproduct_tag&post=2188"}],"curies":[{"name":"wp","href":"https:\/\/api.w.org\/{rel}","templated":true}]}}