{"id":224,"date":"2017-01-16T10:02:01","date_gmt":"2017-01-16T09:02:01","guid":{"rendered":"http:\/\/floradeltropico.com\/?page_id=224"},"modified":"2018-03-30T18:55:55","modified_gmt":"2018-03-30T16:55:55","slug":"contacto","status":"publish","type":"page","link":"https:\/\/floradeltropico.com\/?page_id=224","title":{"rendered":"Contacto"},"content":{"rendered":"<p style=\"text-align: center;\"><strong>Flora del Tr\u00f3pico<\/strong><\/p>\n<p style=\"text-align: center;\"><img loading=\"lazy\" decoding=\"async\" class=\"alignnone size-medium wp-image-225\" src=\"https:\/\/floradeltropico.com\/wp-content\/uploads\/2017\/01\/panel-bajo-1-300x67.png\" alt=\"\" width=\"300\" height=\"67\" srcset=\"https:\/\/floradeltropico.com\/wp-content\/uploads\/2017\/01\/panel-bajo-1-300x67.png 300w, https:\/\/floradeltropico.com\/wp-content\/uploads\/2017\/01\/panel-bajo-1-768x172.png 768w, https:\/\/floradeltropico.com\/wp-content\/uploads\/2017\/01\/panel-bajo-1-1024x229.png 1024w, https:\/\/floradeltropico.com\/wp-content\/uploads\/2017\/01\/panel-bajo-1.png 1150w\" sizes=\"auto, (max-width: 300px) 100vw, 300px\" \/><\/p>\n<p style=\"text-align: center;\">Calle Ciudad real 66<br \/>\n28600 Navalcarnero,<br \/>\nMadrid &#8211; Espa\u00f1a<\/p>\n<h3 style=\"text-align: center;\"><span style=\"color: #ff6600;\"><em>Visitas s\u00f3lo con cita previa<\/em><\/span><\/h3>\n<p>&nbsp;<\/p>\n<p style=\"text-align: center;\">Mail: <a href=\"mailto:info@floradeltropico.com\">info@floradeltropico.com<\/a><\/p>\n<p style=\"text-align: center;\">Whatsapp: +34 609 73 46 86<\/p>\n","protected":false},"excerpt":{"rendered":"<p>Flora del Tr\u00f3pico Calle Ciudad real 66 28600 Navalcarnero, Madrid &#8211; Espa\u00f1a Visitas s\u00f3lo con cita previa &nbsp; Mail: info@floradeltropico.com Whatsapp: +34 609 73 46 86<\/p>\n","protected":false},"author":1,"featured_media":0,"parent":0,"menu_order":7,"comment_status":"closed","ping_status":"closed","template":"","meta":{"_exactmetrics_skip_tracking":false,"_exactmetrics_sitenote_active":false,"_exactmetrics_sitenote_note":"","_exactmetrics_sitenote_category":0,"footnotes":""},"class_list":["post-224","page","type-page","status-publish","hentry"],"_links":{"self":[{"href":"https:\/\/floradeltropico.com\/index.php?rest_route=\/wp\/v2\/pages\/224","targetHints":{"allow":["GET"]}}],"collection":[{"href":"https:\/\/floradeltropico.com\/index.php?rest_route=\/wp\/v2\/pages"}],"about":[{"href":"https:\/\/floradeltropico.com\/index.php?rest_route=\/wp\/v2\/types\/page"}],"author":[{"embeddable":true,"href":"https:\/\/floradeltropico.com\/index.php?rest_route=\/wp\/v2\/users\/1"}],"replies":[{"embeddable":true,"href":"https:\/\/floradeltropico.com\/index.php?rest_route=%2Fwp%2Fv2%2Fcomments&post=224"}],"version-history":[{"count":6,"href":"https:\/\/floradeltropico.com\/index.php?rest_route=\/wp\/v2\/pages\/224\/revisions"}],"predecessor-version":[{"id":742,"href":"https:\/\/floradeltropico.com\/index.php?rest_route=\/wp\/v2\/pages\/224\/revisions\/742"}],"wp:attachment":[{"href":"https:\/\/floradeltropico.com\/index.php?rest_route=%2Fwp%2Fv2%2Fmedia&parent=224"}],"curies":[{"name":"wp","href":"https:\/\/api.w.org\/{rel}","templated":true}]}}