{"id":2,"date":"2016-05-10T03:48:21","date_gmt":"2016-05-10T03:48:21","guid":{"rendered":"http:\/\/wp452m.a10-52-158-154.qa.plesk.ru\/wordpress\/?page_id=2"},"modified":"2018-09-24T18:12:21","modified_gmt":"2018-09-24T16:12:21","slug":"nosotros","status":"publish","type":"page","link":"https:\/\/floradeltropico.com\/?page_id=2","title":{"rendered":"Nosotros"},"content":{"rendered":"<p>Nos dedicamos al cultivo y producci\u00f3n de <strong>Orqu\u00eddeas<\/strong> raras \u00a0y otras plantas tropicales epifitas. Disponemos de laboratorio de cultivo in vitro donde producimos todas las orqu\u00eddeas de la tienda. Estamos registrados en el registro de productores de material vegetal de Espa\u00f1a.\u00a0 Nuestro n\u00famero de registro es el ES13280493.<\/p>\n<p>Actualmente trabajamos en dos l\u00edneas de producci\u00f3n, una de especies tropicales y otra de especies terrestres europeas, con innovaci\u00f3n continua tanto en medios de cultivo invitro como exvitro para aclimataci\u00f3n de especies.<\/p>\n<blockquote>\n<p style=\"text-align: right;\"><span class=\"Apple-style-span\">&#8220;Adoro orqu\u00eddeas, tua p\u00e1gina \u00e9 maravilhosa. Me diverti compartilhando, uma mais linda q a outra, parab\u00e9ns.&#8221;\u00a0Comentario FB<\/span><\/p>\n<figure id=\"attachment_964\" aria-describedby=\"caption-attachment-964\" style=\"width: 300px\" class=\"wp-caption aligncenter\"><img loading=\"lazy\" decoding=\"async\" class=\"size-medium wp-image-964\" src=\"https:\/\/floradeltropico.com\/wp-content\/uploads\/2018\/07\/laboratorio1-300x300.jpg\" alt=\"floradeltropico, produccion de orqu\u00eddeas\" width=\"300\" height=\"300\" srcset=\"https:\/\/floradeltropico.com\/wp-content\/uploads\/2018\/07\/laboratorio1-300x300.jpg 300w, https:\/\/floradeltropico.com\/wp-content\/uploads\/2018\/07\/laboratorio1-150x150.jpg 150w, https:\/\/floradeltropico.com\/wp-content\/uploads\/2018\/07\/laboratorio1-100x100.jpg 100w, https:\/\/floradeltropico.com\/wp-content\/uploads\/2018\/07\/laboratorio1.jpg 600w\" sizes=\"auto, (max-width: 300px) 100vw, 300px\" \/><figcaption id=\"caption-attachment-964\" class=\"wp-caption-text\">floradeltropico, produccion de orqu\u00eddeas<\/figcaption><\/figure><\/blockquote>\n<p>Creada por un bot\u00e1nico e ingeniero t\u00e9cnico forestal, con a\u00f1os de experiencia, es un nuevo \u00e1mbito de cultivo en Espa\u00f1a. A d\u00eda de hoy, somos uno de los escasos <strong>productores nacionales<\/strong> de estas fascinantes plantas.<\/p>\n<blockquote>\n<p style=\"text-align: right;\"><span class=\"Apple-style-span\">&#8220;Preciosas orqu\u00eddeas y muy buen precio y la atenci\u00f3n y trato excelentes&#8221;\u00a0<\/span>Comentario FB<\/p>\n<figure id=\"attachment_965\" aria-describedby=\"caption-attachment-965\" style=\"width: 300px\" class=\"wp-caption aligncenter\"><img loading=\"lazy\" decoding=\"async\" class=\"size-medium wp-image-965\" src=\"https:\/\/floradeltropico.com\/wp-content\/uploads\/2018\/07\/laboratorio2-300x300.jpg\" alt=\"Cuarto de cultivo. Flora del Tr\u00f3pico\" width=\"300\" height=\"300\" srcset=\"https:\/\/floradeltropico.com\/wp-content\/uploads\/2018\/07\/laboratorio2-300x300.jpg 300w, https:\/\/floradeltropico.com\/wp-content\/uploads\/2018\/07\/laboratorio2-150x150.jpg 150w, https:\/\/floradeltropico.com\/wp-content\/uploads\/2018\/07\/laboratorio2-100x100.jpg 100w, https:\/\/floradeltropico.com\/wp-content\/uploads\/2018\/07\/laboratorio2.jpg 600w\" sizes=\"auto, (max-width: 300px) 100vw, 300px\" \/><figcaption id=\"caption-attachment-965\" class=\"wp-caption-text\">Cuarto de cultivo. Flora del Tr\u00f3pico<\/figcaption><\/figure><\/blockquote>\n<p>&#8230;Contamos con <strong>Orqu\u00eddeas bot\u00e1nicas e h\u00edbridas<\/strong>, especies raras y lo<strong> necesario para el\u00a0cultivo<\/strong> de las mismas.<\/p>\n<p>Si eres amante de las orqu\u00eddeas, tenemos <strong>tutoriales y cursos descargables<\/strong>, as\u00ed como fichas sobre muchas especies de orqu\u00eddeas. Podr\u00e1s descargarlos dentro de muy poco realizados por el bot\u00e1nico Rub\u00e9n Vel\u00e1zquez Marrero.<\/p>\n<blockquote>\n<p style=\"text-align: right;\">&#8220;Tienen orquideas muy bonitas y poco vistas. Y lo mejor es q despu\u00e9s del tiempo est\u00e1n como el primer d\u00eda . Gracias !!!&#8221;<\/p>\n<figure id=\"attachment_966\" aria-describedby=\"caption-attachment-966\" style=\"width: 347px\" class=\"wp-caption aligncenter\"><img loading=\"lazy\" decoding=\"async\" class=\" wp-image-966\" src=\"https:\/\/floradeltropico.com\/wp-content\/uploads\/2018\/07\/invernadero2-300x169.jpg\" alt=\"Invernadero de producci\u00f3n N1. Flora del Tr\u00f3pico\" width=\"347\" height=\"195\" srcset=\"https:\/\/floradeltropico.com\/wp-content\/uploads\/2018\/07\/invernadero2-300x169.jpg 300w, https:\/\/floradeltropico.com\/wp-content\/uploads\/2018\/07\/invernadero2.jpg 600w\" sizes=\"auto, (max-width: 347px) 100vw, 347px\" \/><figcaption id=\"caption-attachment-966\" class=\"wp-caption-text\">Invernadero de producci\u00f3n N1. Flora del Tr\u00f3pico<\/figcaption><\/figure><\/blockquote>\n<p>Puedes visitar <strong>nuestro blog<\/strong> en:\u00a0<a href=\"https:\/\/floradeltropicoblog.wordpress.com\/\" target=\"_blank\" rel=\"noopener\">Orqu\u00eddeas, blog del experto<\/a><\/p>\n<p>Para los amantes incondicionales de las orqu\u00eddeas, tambi\u00e9n contamos con un <strong>apartado decorativo.<\/strong><\/p>\n","protected":false},"excerpt":{"rendered":"<p>Nos dedicamos al cultivo y producci\u00f3n de Orqu\u00eddeas raras \u00a0y otras plantas tropicales epifitas. Disponemos de laboratorio de cultivo in vitro donde producimos todas las orqu\u00eddeas de la tienda. Estamos registrados en el registro de productores de material vegetal de Espa\u00f1a.\u00a0 Nuestro n\u00famero de registro es el ES13280493. Actualmente trabajamos en dos l\u00edneas de producci\u00f3n, &hellip; <a href=\"https:\/\/floradeltropico.com\/?page_id=2\" class=\"more-link\">Seguir leyendo <span class=\"screen-reader-text\">Nosotros<\/span> <span class=\"meta-nav\">&rarr;<\/span><\/a><\/p>\n","protected":false},"author":1,"featured_media":0,"parent":0,"menu_order":1,"comment_status":"closed","ping_status":"closed","template":"","meta":{"_exactmetrics_skip_tracking":false,"_exactmetrics_sitenote_active":false,"_exactmetrics_sitenote_note":"","_exactmetrics_sitenote_category":0,"footnotes":""},"class_list":["post-2","page","type-page","status-publish","hentry"],"_links":{"self":[{"href":"https:\/\/floradeltropico.com\/index.php?rest_route=\/wp\/v2\/pages\/2","targetHints":{"allow":["GET"]}}],"collection":[{"href":"https:\/\/floradeltropico.com\/index.php?rest_route=\/wp\/v2\/pages"}],"about":[{"href":"https:\/\/floradeltropico.com\/index.php?rest_route=\/wp\/v2\/types\/page"}],"author":[{"embeddable":true,"href":"https:\/\/floradeltropico.com\/index.php?rest_route=\/wp\/v2\/users\/1"}],"replies":[{"embeddable":true,"href":"https:\/\/floradeltropico.com\/index.php?rest_route=%2Fwp%2Fv2%2Fcomments&post=2"}],"version-history":[{"count":6,"href":"https:\/\/floradeltropico.com\/index.php?rest_route=\/wp\/v2\/pages\/2\/revisions"}],"predecessor-version":[{"id":1007,"href":"https:\/\/floradeltropico.com\/index.php?rest_route=\/wp\/v2\/pages\/2\/revisions\/1007"}],"wp:attachment":[{"href":"https:\/\/floradeltropico.com\/index.php?rest_route=%2Fwp%2Fv2%2Fmedia&parent=2"}],"curies":[{"name":"wp","href":"https:\/\/api.w.org\/{rel}","templated":true}]}}